{"id":17,"date":"2026-05-07T07:39:46","date_gmt":"2026-05-07T07:39:46","guid":{"rendered":"https:\/\/vuokilawood.ngmprojektit.fi\/?page_id=17"},"modified":"2026-05-07T08:55:40","modified_gmt":"2026-05-07T08:55:40","slug":"meista","status":"publish","type":"page","link":"https:\/\/vuokilawood.ngmprojektit.fi\/?page_id=17","title":{"rendered":"Meist\u00e4"},"content":{"rendered":"\t\t<div data-elementor-type=\"wp-page\" data-elementor-id=\"17\" class=\"elementor elementor-17\" data-elementor-post-type=\"page\">\n\t\t\t\t<div class=\"elementor-element elementor-element-dac1294 e-flex e-con-boxed e-con e-parent\" data-id=\"dac1294\" data-element_type=\"container\" data-e-type=\"container\" data-settings=\"{&quot;background_background&quot;:&quot;classic&quot;}\">\n\t\t\t\t\t<div class=\"e-con-inner\">\n\t\t\t\t<div class=\"elementor-element elementor-element-ccc3f3a elementor-widget elementor-widget-heading\" data-id=\"ccc3f3a\" data-element_type=\"widget\" data-e-type=\"widget\" data-widget_type=\"heading.default\">\n\t\t\t\t\t<h2 class=\"elementor-heading-title elementor-size-default\">Meist\u00e4<\/h2>\t\t\t\t<\/div>\n\t\t\t\t<div class=\"elementor-element elementor-element-9705bfa elementor-widget elementor-widget-text-editor\" data-id=\"9705bfa\" data-element_type=\"widget\" data-e-type=\"widget\" data-widget_type=\"text-editor.default\">\n\t\t\t\t\t\t\t\t\t<p>Vuokila Wood on yksityisomistuksessa oleva kehittyv\u00e4 sahalaitos Kellossa 20km Oulun pohjoispuolella.<\/p>\t\t\t\t\t\t\t\t<\/div>\n\t\t\t\t\t<\/div>\n\t\t\t\t<\/div>\n\t\t<div class=\"elementor-element elementor-element-7ffbf2d e-flex e-con-boxed e-con e-parent\" data-id=\"7ffbf2d\" data-element_type=\"container\" data-e-type=\"container\">\n\t\t\t\t\t<div class=\"e-con-inner\">\n\t\t<div class=\"elementor-element elementor-element-cfcaad3 e-con-full e-flex e-con e-child\" data-id=\"cfcaad3\" data-element_type=\"container\" data-e-type=\"container\">\n\t\t<div class=\"elementor-element elementor-element-8ca64e8 e-con-full e-flex e-con e-child\" data-id=\"8ca64e8\" data-element_type=\"container\" data-e-type=\"container\" data-settings=\"{&quot;background_background&quot;:&quot;classic&quot;}\">\n\t\t\t\t<div class=\"elementor-element elementor-element-33e0b4d elementor-widget elementor-widget-spacer\" data-id=\"33e0b4d\" data-element_type=\"widget\" data-e-type=\"widget\" data-widget_type=\"spacer.default\">\n\t\t\t\t\t\t\t<div class=\"elementor-spacer\">\n\t\t\t<div class=\"elementor-spacer-inner\"><\/div>\n\t\t<\/div>\n\t\t\t\t\t\t<\/div>\n\t\t\t\t<\/div>\n\t\t<div class=\"elementor-element elementor-element-c6a6ffc e-con-full e-flex e-con e-child\" data-id=\"c6a6ffc\" data-element_type=\"container\" data-e-type=\"container\" data-settings=\"{&quot;background_background&quot;:&quot;classic&quot;}\">\n\t\t\t\t<div class=\"elementor-element elementor-element-6f6aed3 elementor-widget elementor-widget-spacer\" data-id=\"6f6aed3\" data-element_type=\"widget\" data-e-type=\"widget\" data-widget_type=\"spacer.default\">\n\t\t\t\t\t\t\t<div class=\"elementor-spacer\">\n\t\t\t<div class=\"elementor-spacer-inner\"><\/div>\n\t\t<\/div>\n\t\t\t\t\t\t<\/div>\n\t\t\t\t<\/div>\n\t\t\t\t<\/div>\n\t\t<div class=\"elementor-element elementor-element-82f763c e-con-full e-flex e-con e-child\" data-id=\"82f763c\" data-element_type=\"container\" data-e-type=\"container\">\n\t\t\t\t<div class=\"elementor-element elementor-element-841f7d6 elementor-widget elementor-widget-heading\" data-id=\"841f7d6\" data-element_type=\"widget\" data-e-type=\"widget\" data-widget_type=\"heading.default\">\n\t\t\t\t\t<h2 class=\"elementor-heading-title elementor-size-default\">Asiantuntemus  takaa laadun<\/h2>\t\t\t\t<\/div>\n\t\t\t\t<div class=\"elementor-element elementor-element-b4fe186 elementor-widget elementor-widget-text-editor\" data-id=\"b4fe186\" data-element_type=\"widget\" data-e-type=\"widget\" data-widget_type=\"text-editor.default\">\n\t\t\t\t\t\t\t\t\t<p><strong>Vuokila Wood on yksityisomistuksessa oleva kehittyv\u00e4 sahalaitos Kellossa 20km Oulun pohjoispuolella.<\/strong><\/p><p>Aiemmin samalla alueella ovat toimineet Shinshowa Finland ja Kellon Saha. Sahaustoiminta aloitettiin uudelleen lyhyen katkoksen j\u00e4lkeen syksyll\u00e4 2017. Sahaustoiminnan lis\u00e4ksi toimintaan kuuluu puun h\u00f6yl\u00e4ys-, sormijatkos-, lujuuslajittelu- ja maalaustoiminta.<\/p>\t\t\t\t\t\t\t\t<\/div>\n\t\t\t\t<div class=\"elementor-element elementor-element-b1993ef elementor-align-left elementor-widget__width-auto elementor-widget elementor-widget-button\" data-id=\"b1993ef\" data-element_type=\"widget\" data-e-type=\"widget\" data-widget_type=\"button.default\">\n\t\t\t\t\t\t\t\t\t\t<a class=\"elementor-button elementor-button-link elementor-size-sm\" href=\"https:\/\/vuokilawood.ngmprojektit.fi\/?page_id=19\">\n\t\t\t\t\t\t<span class=\"elementor-button-content-wrapper\">\n\t\t\t\t\t\t\t\t\t<span class=\"elementor-button-text\">Pyyd\u00e4 tarjous<\/span>\n\t\t\t\t\t<\/span>\n\t\t\t\t\t<\/a>\n\t\t\t\t\t\t\t\t<\/div>\n\t\t\t\t<\/div>\n\t\t\t\t\t<\/div>\n\t\t\t\t<\/div>\n\t\t<div class=\"elementor-element elementor-element-0b8d11d e-flex e-con-boxed e-con e-parent\" data-id=\"0b8d11d\" data-element_type=\"container\" data-e-type=\"container\">\n\t\t\t\t\t<div class=\"e-con-inner\">\n\t\t<div class=\"elementor-element elementor-element-be1cec6 e-con-full e-flex e-con e-child\" data-id=\"be1cec6\" data-element_type=\"container\" data-e-type=\"container\">\n\t\t\t\t<div class=\"elementor-element elementor-element-3485090 elementor-widget elementor-widget-heading\" data-id=\"3485090\" data-element_type=\"widget\" data-e-type=\"widget\" data-widget_type=\"heading.default\">\n\t\t\t\t\t<h2 class=\"elementor-heading-title elementor-size-default\">10+<\/h2>\t\t\t\t<\/div>\n\t\t\t\t<div class=\"elementor-element elementor-element-f61f83e elementor-widget elementor-widget-heading\" data-id=\"f61f83e\" data-element_type=\"widget\" data-e-type=\"widget\" data-widget_type=\"heading.default\">\n\t\t\t\t\t<h2 class=\"elementor-heading-title elementor-size-default\">vuoden kokemus<\/h2>\t\t\t\t<\/div>\n\t\t\t\t<\/div>\n\t\t<div class=\"elementor-element elementor-element-b305b24 e-con-full e-flex e-con e-child\" data-id=\"b305b24\" data-element_type=\"container\" data-e-type=\"container\">\n\t\t\t\t<div class=\"elementor-element elementor-element-e7a1e9d elementor-widget elementor-widget-heading\" data-id=\"e7a1e9d\" data-element_type=\"widget\" data-e-type=\"widget\" data-widget_type=\"heading.default\">\n\t\t\t\t\t<h2 class=\"elementor-heading-title elementor-size-default\">97%<\/h2>\t\t\t\t<\/div>\n\t\t\t\t<div class=\"elementor-element elementor-element-b5e5def elementor-widget elementor-widget-heading\" data-id=\"b5e5def\" data-element_type=\"widget\" data-e-type=\"widget\" data-widget_type=\"heading.default\">\n\t\t\t\t\t<h2 class=\"elementor-heading-title elementor-size-default\">asiakastyytyv\u00e4isyys<\/h2>\t\t\t\t<\/div>\n\t\t\t\t<\/div>\n\t\t<div class=\"elementor-element elementor-element-8157fe5 e-con-full e-flex e-con e-child\" data-id=\"8157fe5\" data-element_type=\"container\" data-e-type=\"container\">\n\t\t\t\t<div class=\"elementor-element elementor-element-54e134d elementor-widget elementor-widget-heading\" data-id=\"54e134d\" data-element_type=\"widget\" data-e-type=\"widget\" data-widget_type=\"heading.default\">\n\t\t\t\t\t<h2 class=\"elementor-heading-title elementor-size-default\">10<\/h2>\t\t\t\t<\/div>\n\t\t\t\t<div class=\"elementor-element elementor-element-b4ab18b elementor-widget elementor-widget-heading\" data-id=\"b4ab18b\" data-element_type=\"widget\" data-e-type=\"widget\" data-widget_type=\"heading.default\">\n\t\t\t\t\t<h2 class=\"elementor-heading-title elementor-size-default\">vuoden kokemus<\/h2>\t\t\t\t<\/div>\n\t\t\t\t<\/div>\n\t\t<div class=\"elementor-element elementor-element-94562c6 e-con-full e-flex e-con e-child\" data-id=\"94562c6\" data-element_type=\"container\" data-e-type=\"container\">\n\t\t\t\t<div class=\"elementor-element elementor-element-65a552c elementor-widget elementor-widget-heading\" data-id=\"65a552c\" data-element_type=\"widget\" data-e-type=\"widget\" data-widget_type=\"heading.default\">\n\t\t\t\t\t<h2 class=\"elementor-heading-title elementor-size-default\">10<\/h2>\t\t\t\t<\/div>\n\t\t\t\t<div class=\"elementor-element elementor-element-d7543c0 elementor-widget elementor-widget-heading\" data-id=\"d7543c0\" data-element_type=\"widget\" data-e-type=\"widget\" data-widget_type=\"heading.default\">\n\t\t\t\t\t<h2 class=\"elementor-heading-title elementor-size-default\">vuoden kokemus<\/h2>\t\t\t\t<\/div>\n\t\t\t\t<\/div>\n\t\t\t\t\t<\/div>\n\t\t\t\t<\/div>\n\t\t\t\t<\/div>\n\t\t","protected":false},"excerpt":{"rendered":"<p>Meist\u00e4 Vuokila Wood on yksityisomistuksessa oleva kehittyv\u00e4 sahalaitos Kellossa 20km Oulun pohjoispuolella. Asiantuntemus takaa laadun Vuokila Wood on yksityisomistuksessa oleva kehittyv\u00e4 sahalaitos Kellossa 20km Oulun pohjoispuolella. Aiemmin samalla alueella ovat toimineet Shinshowa Finland ja Kellon Saha. Sahaustoiminta aloitettiin uudelleen lyhyen katkoksen j\u00e4lkeen syksyll\u00e4 2017. Sahaustoiminnan lis\u00e4ksi toimintaan kuuluu puun h\u00f6yl\u00e4ys-, sormijatkos-, lujuuslajittelu- ja maalaustoiminta. Pyyd\u00e4 [&hellip;]<\/p>\n","protected":false},"author":1,"featured_media":0,"parent":0,"menu_order":0,"comment_status":"closed","ping_status":"closed","template":"elementor_header_footer","meta":{"footnotes":""},"class_list":["post-17","page","type-page","status-publish","hentry"],"_links":{"self":[{"href":"https:\/\/vuokilawood.ngmprojektit.fi\/index.php?rest_route=\/wp\/v2\/pages\/17","targetHints":{"allow":["GET"]}}],"collection":[{"href":"https:\/\/vuokilawood.ngmprojektit.fi\/index.php?rest_route=\/wp\/v2\/pages"}],"about":[{"href":"https:\/\/vuokilawood.ngmprojektit.fi\/index.php?rest_route=\/wp\/v2\/types\/page"}],"author":[{"embeddable":true,"href":"https:\/\/vuokilawood.ngmprojektit.fi\/index.php?rest_route=\/wp\/v2\/users\/1"}],"replies":[{"embeddable":true,"href":"https:\/\/vuokilawood.ngmprojektit.fi\/index.php?rest_route=%2Fwp%2Fv2%2Fcomments&post=17"}],"version-history":[{"count":13,"href":"https:\/\/vuokilawood.ngmprojektit.fi\/index.php?rest_route=\/wp\/v2\/pages\/17\/revisions"}],"predecessor-version":[{"id":134,"href":"https:\/\/vuokilawood.ngmprojektit.fi\/index.php?rest_route=\/wp\/v2\/pages\/17\/revisions\/134"}],"wp:attachment":[{"href":"https:\/\/vuokilawood.ngmprojektit.fi\/index.php?rest_route=%2Fwp%2Fv2%2Fmedia&parent=17"}],"curies":[{"name":"wp","href":"https:\/\/api.w.org\/{rel}","templated":true}]}}